{"id":11,"date":"2021-09-19T08:24:10","date_gmt":"2021-09-19T08:24:10","guid":{"rendered":"http:\/\/psychopenhars.com\/?page_id=11"},"modified":"2026-01-21T12:20:45","modified_gmt":"2026-01-21T12:20:45","slug":"cabinet-de-psychologues","status":"publish","type":"page","link":"https:\/\/psychopenhars.com\/","title":{"rendered":"Cabinet de psychologues"},"content":{"rendered":"\n<h2 class=\"has-text-align-center\">Bonjour et Bienvenue&nbsp;!<\/h2>\n\n\n\n<p><\/p>\n\n\n\n<p class=\"has-text-align-center has-black-color has-text-color\">Alice Reutlinger et Gwenna\u00efg Le Nouy, psychologues, peuvent vous recevoir en consultation sur rendez-vous.<\/p>\n\n\n\n<p class=\"has-black-color has-text-color\"><\/p>\n\n\n\n<p><\/p>\n\n\n\n<p><\/p>\n\n\n\n<p><\/p>\n\n\n\n<p class=\"has-text-align-center has-black-color has-luminous-vivid-amber-background-color has-text-color has-background has-medium-font-size\"><br><strong><strong>Nouvelle Adresse du cabinet \u00e0 partir du 1er F\u00e9vri<\/strong>er 2026<\/strong><br><strong><strong><br>R\u00e9sidence St Corentin &#8211; 75 rue de B\u00e9nodet (RDC) &#8211; 29000 Quimper\u00a0<\/strong><\/strong><br><strong><strong><br>parking facile devant l&rsquo;espace commercial voisin<\/strong><\/strong><\/p>\n\n\n\n<p class=\"has-text-align-center\"><em>L&rsquo;accessibilit\u00e9 pour les personnes \u00e0 mobilit\u00e9 r\u00e9duite respecte les normes actuelles (ascenseur, portes, etc.)<\/em><\/p>\n\n\n\n<p class=\"has-text-align-center has-black-color has-text-color\"><\/p>\n\n\n\n<p class=\"has-black-color has-text-color\"><\/p>\n\n\n\n<p class=\"has-text-align-right has-black-color has-text-color\"><\/p>\n\n\n\n<p><\/p>\n\n\n\n<ul><li><a href=\"http:\/\/psychopenhars.com\/index.php\/alice-reutlinger\/\" data-type=\"page\" data-id=\"26\">Alice REUTLINGER<\/a><\/li><li><a href=\"http:\/\/psychopenhars.com\/index.php\/gwennaig-le-nouy\/\" data-type=\"page\" data-id=\"154\">Gwennaig LE NOUY<\/a><\/li><\/ul>\n\n\n\n<p><\/p>\n","protected":false},"excerpt":{"rendered":"<p>Bonjour et Bienvenue&nbsp;! Alice Reutlinger et Gwenna\u00efg Le Nouy, psychologues, peuvent vous recevoir en consultation sur rendez-vous. Nouvelle Adresse du cabinet \u00e0 partir du 1er F\u00e9vrier 2026R\u00e9sidence St Corentin &#8211; 75 rue de B\u00e9nodet (RDC) &#8211; 29000 Quimper\u00a0parking facile devant l&rsquo;espace commercial voisin L&rsquo;accessibilit\u00e9 pour les personnes \u00e0 mobilit\u00e9 r\u00e9duite respecte les normes actuelles (ascenseur, [&hellip;]<\/p>\n","protected":false},"author":1,"featured_media":315,"parent":0,"menu_order":0,"comment_status":"closed","ping_status":"closed","template":"","meta":[],"_links":{"self":[{"href":"https:\/\/psychopenhars.com\/index.php\/wp-json\/wp\/v2\/pages\/11"}],"collection":[{"href":"https:\/\/psychopenhars.com\/index.php\/wp-json\/wp\/v2\/pages"}],"about":[{"href":"https:\/\/psychopenhars.com\/index.php\/wp-json\/wp\/v2\/types\/page"}],"author":[{"embeddable":true,"href":"https:\/\/psychopenhars.com\/index.php\/wp-json\/wp\/v2\/users\/1"}],"replies":[{"embeddable":true,"href":"https:\/\/psychopenhars.com\/index.php\/wp-json\/wp\/v2\/comments?post=11"}],"version-history":[{"count":31,"href":"https:\/\/psychopenhars.com\/index.php\/wp-json\/wp\/v2\/pages\/11\/revisions"}],"predecessor-version":[{"id":347,"href":"https:\/\/psychopenhars.com\/index.php\/wp-json\/wp\/v2\/pages\/11\/revisions\/347"}],"wp:featuredmedia":[{"embeddable":true,"href":"https:\/\/psychopenhars.com\/index.php\/wp-json\/wp\/v2\/media\/315"}],"wp:attachment":[{"href":"https:\/\/psychopenhars.com\/index.php\/wp-json\/wp\/v2\/media?parent=11"}],"curies":[{"name":"wp","href":"https:\/\/api.w.org\/{rel}","templated":true}]}}