{"id":13,"date":"2021-09-19T08:52:34","date_gmt":"2021-09-19T08:52:34","guid":{"rendered":"http:\/\/psychopenhars.com\/?page_id=13"},"modified":"2026-01-21T12:26:12","modified_gmt":"2026-01-21T12:26:12","slug":"contact","status":"publish","type":"page","link":"https:\/\/psychopenhars.com\/index.php\/contact\/","title":{"rendered":"Contact"},"content":{"rendered":"\n<h2>Trouver notre cabinet :<\/h2>\n\n\n\n<p class=\"has-text-align-center has-black-color has-luminous-vivid-amber-background-color has-text-color has-background has-medium-font-size\">Adresse du cabinet d\u00e8s f\u00e9vrier 2026 :<br>R\u00e9sidence St Corentin &#8211; <strong>75 rue de B\u00e9nodet<\/strong> &#8211; rez-de-chauss\u00e9e &#8211; 29000 &#8211; Quimper<\/p>\n\n\n\n<div style=\"height:35px\" aria-hidden=\"true\" class=\"wp-block-spacer\"><\/div>\n\n\n\n<h2>Premier contact \/ demande de RDV :<\/h2>\n\n\n\n<p class=\"has-black-color has-text-color\">Pour un premier contact, vous pouvez \u00e9crire votre demande par mail <\/p>\n\n\n\n<p class=\"has-black-color has-text-color\">(indiquant: pr\u00e9nom, nom, DN, coordonn\u00e9es, objet succinct de la demande)<\/p>\n\n\n\n<p><\/p>\n\n\n\n<p class=\"has-black-color has-text-color\">pour un RDV avec Alice REUTLINGER  : <strong>psychologue.reutlinger@protonmail.com<\/strong> <\/p>\n\n\n\n<p><\/p>\n\n\n\n<p><span class=\"has-inline-color has-black-color\">pour un RDV avec Gwenna\u00efg LE NOUY<strong> : gwennaig.lenouy@monpsy.pro<\/strong><\/span><\/p>\n\n\n\n<p class=\"has-black-color has-text-color\"><br><br>Nous vous r\u00e9pondrons d\u00e8s que possible.<\/p>\n\n\n\n<div style=\"height:56px\" aria-hidden=\"true\" class=\"wp-block-spacer\"><\/div>\n\n\n\n<p class=\"has-text-align-left has-black-color has-text-color\"><\/p>\n\n\n\n<div style=\"height:100px\" aria-hidden=\"true\" class=\"wp-block-spacer\"><\/div>\n\n\n\n<div class=\"wp-block-columns\">\n<div class=\"wp-block-column\">\n<div class=\"wp-block-image\"><figure class=\"aligncenter size-medium\"><img loading=\"lazy\" width=\"225\" height=\"300\" src=\"http:\/\/psychopenhars.com\/wp-content\/uploads\/2021\/09\/bureauAR_oiseaux_04-225x300.jpg\" alt=\"\" class=\"wp-image-139\" srcset=\"https:\/\/psychopenhars.com\/wp-content\/uploads\/2021\/09\/bureauAR_oiseaux_04-225x300.jpg 225w, https:\/\/psychopenhars.com\/wp-content\/uploads\/2021\/09\/bureauAR_oiseaux_04-768x1024.jpg 768w, https:\/\/psychopenhars.com\/wp-content\/uploads\/2021\/09\/bureauAR_oiseaux_04-1152x1536.jpg 1152w, https:\/\/psychopenhars.com\/wp-content\/uploads\/2021\/09\/bureauAR_oiseaux_04-1536x2048.jpg 1536w, https:\/\/psychopenhars.com\/wp-content\/uploads\/2021\/09\/bureauAR_oiseaux_04-scaled.jpg 1920w\" sizes=\"(max-width: 225px) 100vw, 225px\" \/><\/figure><\/div>\n<\/div>\n\n\n\n<div class=\"wp-block-column\">\n<div class=\"wp-block-image\"><figure class=\"aligncenter size-medium\"><img loading=\"lazy\" width=\"225\" height=\"300\" src=\"http:\/\/psychopenhars.com\/wp-content\/uploads\/2021\/09\/bureauAR_feutres_06-225x300.jpg\" alt=\"\" class=\"wp-image-140\" srcset=\"https:\/\/psychopenhars.com\/wp-content\/uploads\/2021\/09\/bureauAR_feutres_06-225x300.jpg 225w, https:\/\/psychopenhars.com\/wp-content\/uploads\/2021\/09\/bureauAR_feutres_06-768x1024.jpg 768w, https:\/\/psychopenhars.com\/wp-content\/uploads\/2021\/09\/bureauAR_feutres_06-1152x1536.jpg 1152w, https:\/\/psychopenhars.com\/wp-content\/uploads\/2021\/09\/bureauAR_feutres_06-1536x2048.jpg 1536w, https:\/\/psychopenhars.com\/wp-content\/uploads\/2021\/09\/bureauAR_feutres_06-scaled.jpg 1920w\" sizes=\"(max-width: 225px) 100vw, 225px\" \/><\/figure><\/div>\n<\/div>\n<\/div>\n","protected":false},"excerpt":{"rendered":"<p>Trouver notre cabinet : Adresse du cabinet d\u00e8s f\u00e9vrier 2026 :R\u00e9sidence St Corentin &#8211; 75 rue de B\u00e9nodet &#8211; rez-de-chauss\u00e9e &#8211; 29000 &#8211; Quimper Premier contact \/ demande de RDV : Pour un premier contact, vous pouvez \u00e9crire votre demande par mail (indiquant: pr\u00e9nom, nom, DN, coordonn\u00e9es, objet succinct de la demande) pour un RDV [&hellip;]<\/p>\n","protected":false},"author":1,"featured_media":0,"parent":0,"menu_order":0,"comment_status":"closed","ping_status":"closed","template":"","meta":[],"_links":{"self":[{"href":"https:\/\/psychopenhars.com\/index.php\/wp-json\/wp\/v2\/pages\/13"}],"collection":[{"href":"https:\/\/psychopenhars.com\/index.php\/wp-json\/wp\/v2\/pages"}],"about":[{"href":"https:\/\/psychopenhars.com\/index.php\/wp-json\/wp\/v2\/types\/page"}],"author":[{"embeddable":true,"href":"https:\/\/psychopenhars.com\/index.php\/wp-json\/wp\/v2\/users\/1"}],"replies":[{"embeddable":true,"href":"https:\/\/psychopenhars.com\/index.php\/wp-json\/wp\/v2\/comments?post=13"}],"version-history":[{"count":24,"href":"https:\/\/psychopenhars.com\/index.php\/wp-json\/wp\/v2\/pages\/13\/revisions"}],"predecessor-version":[{"id":344,"href":"https:\/\/psychopenhars.com\/index.php\/wp-json\/wp\/v2\/pages\/13\/revisions\/344"}],"wp:attachment":[{"href":"https:\/\/psychopenhars.com\/index.php\/wp-json\/wp\/v2\/media?parent=13"}],"curies":[{"name":"wp","href":"https:\/\/api.w.org\/{rel}","templated":true}]}}