{"id":154,"date":"2021-09-19T20:19:34","date_gmt":"2021-09-19T20:19:34","guid":{"rendered":"http:\/\/psychopenhars.com\/?page_id=154"},"modified":"2026-01-21T12:24:28","modified_gmt":"2026-01-21T12:24:28","slug":"gwennaig-le-nouy","status":"publish","type":"page","link":"https:\/\/psychopenhars.com\/index.php\/gwennaig-le-nouy\/","title":{"rendered":"Gwenna\u00efg LE NOUY, psychologue"},"content":{"rendered":"\n<h2 class=\"has-text-align-center\"> <\/h2>\n\n\n\n<p class=\"has-text-align-center has-black-color has-luminous-vivid-amber-background-color has-text-color has-background has-medium-font-size\"><strong>IMPORTANT<\/strong> : Adresse du cabinet d\u00e8s f\u00e9vrier 2026 :<br>R\u00e9sidence St Corentin &#8211; 75 rue de B\u00e9nodet &#8211; rez-de-chauss\u00e9e &#8211; 29000 &#8211; Quimper<\/p>\n\n\n\n<h2 class=\"has-text-align-center\">Psychologue clinicienne&nbsp;\u00e0 Quimper <\/h2>\n\n\n\n<p><\/p>\n\n\n\n<p>Je suis titulaire&nbsp;:<\/p>\n\n\n\n<ul><li>d&rsquo;un Dipl\u00f4me d\u2019\u00c9tudes Approfondies en Psychologie (Master de recherche, 2004, Universit\u00e9 Lille 3)<\/li><li>d&rsquo;un Dipl\u00f4me d\u2019Etudes Sup\u00e9rieures Sp\u00e9cialis\u00e9es en Psychologie du D\u00e9veloppement (Master professionnel, 2006, Universit\u00e9 Lille 3).<\/li><li>d&rsquo;un Dipl\u00f4me Universitaire en Education Th\u00e9rapeutique du Patient (Universit\u00e9 Bretagne Occidentale, 2015).<\/li><\/ul>\n\n\n\n<p>J&rsquo;ai r\u00e9alis\u00e9 mes \u00e9tudes \u00e0 Lille, y ai travaill\u00e9 pendant une dizaine d&rsquo;ann\u00e9es puis en 2013, suis revenue aux sources dans notre belle Bretagne&nbsp;!<\/p>\n\n\n\n<p>Je suis form\u00e9e au Th\u00e9rapies Emotionnelles, Comportementales et Cognitives (TECC ou TCC) ainsi qu&rsquo;\u00e0 Analyse Appliqu\u00e9e du Comportement (ABA).<\/p>\n\n\n\n<p>J&rsquo;exerce mon m\u00e9tier depuis 20 ans. Mon exp\u00e9rience professionnelle s&rsquo;est partag\u00e9e entre la clinique de l&rsquo;enfant et de l&rsquo;adolescent et celle de l&rsquo;adulte&nbsp;: Centres M\u00e9dico-Psychologiques et Centres d&rsquo;Accueil Th\u00e9rapeutique \u00e0 Temps Partiel en p\u00e9dopsychiatrie et psychiatrie adulte, Equipe Mobile pour adolescents, service de canc\u00e9rologie et diab\u00e9tologie p\u00e9diatriques, Unit\u00e9 de R\u00e9habilitation Psychosociale pour adultes souffrant de troubles psychiatriques chroniques. J&rsquo;ai aussi \u00e9t\u00e9 cheffe de service d&rsquo;une structure m\u00e9dico-sociale pour jeunes porteurs de troubles neurod\u00e9veloppementaux. Depuis 2021, j&rsquo;exerce en cabinet lib\u00e9ral.<\/p>\n\n\n\n<p><\/p>\n\n\n\n<p><strong>Quel est mon point d&rsquo;honneur&nbsp;?<\/strong><\/p>\n\n\n\n<p>La psychologie est une discipline scientifique qui \u00e9volue au gr\u00e9 des recherches en psychologie clinique, en sciences cognitives et comportementales, en neurosciences. Aussi, suis-je depuis toujours engag\u00e9e dans une d\u00e9marche de formation continue. J&rsquo;ai en effet \u00e0 c\u0153ur d&rsquo;actualiser mes connaissances et d&rsquo;\u00e9largir mon champ de comp\u00e9tences au travers de publications r\u00e9centes fran\u00e7aises et anglaises, ainsi que de formations&nbsp;diverses&nbsp;: strat\u00e9gies th\u00e9rapeutiques (TCC, rem\u00e9diation cognitive, etc.), clinique psychiatrique et des troubles neurod\u00e9veloppementaux, \u00e9valuation clinique et psychom\u00e9trique, accompagnement des familles (parents, fratrie), etc.&nbsp;<\/p>\n\n\n\n<p>Enfin, depuis toujours, j&rsquo;assure des cours \u00e0 l&rsquo;universit\u00e9 de psychologie et contribue ainsi \u00e0 la formation initiale des \u00e9tudiants.<\/p>\n\n\n\n<h3 class=\"has-text-align-center\"><strong>Comment je travaille&nbsp;?<\/strong><\/h3>\n\n\n\n<p><strong>&#8211; La d\u00e9marche psychoth\u00e9rapeutique :<\/strong><\/p>\n\n\n\n<p>Faire appel \u00e0 un psychologue n&rsquo;est pas chose ais\u00e9e, il faut parfois d\u00e9passer ses pr\u00e9jug\u00e9s, ses craintes et autres freins psychologiques. Il peut aussi arriver que l&rsquo;on ressente un mal-\u00eatre sans \u00eatre capable de mettre des mots dessus.<\/p>\n\n\n\n<p>Dans le cadre d&rsquo;une \u00e9coute bienveillante d\u00e9nu\u00e9e de tout jugement, je propose une premi\u00e8re consultation qui me permet de faire connaissance avec la personne accueillie, de l&rsquo;aider \u00e0 exprimer ses difficult\u00e9s et \u00e0 verbaliser ses attentes.<\/p>\n\n\n\n<p>G\u00e9n\u00e9ralement, il s&rsquo;ensuit un temps d&rsquo;\u00e9valuation plus approfondie au travers d&rsquo;entretiens, \u00e9ventuellement d&rsquo;outils d&rsquo;observation (\u00e9chelles d&rsquo;\u00e9valuation, tests, grilles d&rsquo;auto-observation) qui visent \u00e0 d\u00e9finir plus pr\u00e9cis\u00e9ment les difficult\u00e9s quotidiennes de la personne mais aussi ce qui va bien et fonctionne bien en elle.<\/p>\n\n\n\n<p>Puis, s&rsquo;engage alors la d\u00e9marche th\u00e9rapeutique. Celle-ci se veut :<\/p>\n\n\n\n<ul><li>Ancr\u00e9e dans l&rsquo;ici et maintenant&nbsp;: l&rsquo;histoire de la personne est retrac\u00e9e et analys\u00e9e en vue de comprendre les origines des difficult\u00e9s actuelles. Puis la th\u00e9rapie ciblera particuli\u00e8rement ce qui fait souffrir&nbsp;dans le moment pr\u00e9sent : \u00e9motions p\u00e9nibles, syst\u00e8me de pens\u00e9es, comportements sources de probl\u00e8mes.<\/li><li>Concr\u00e8te&nbsp;: des objectifs de travail sont clairement d\u00e9finis ainsi que les moyens de r\u00e9soudre les difficult\u00e9s ou d&rsquo;y pallier (psycho\u00e9ducation, strat\u00e9gies psycho-corporelles, cognitives, comportementales).<\/li><li>Collaborative&nbsp;: les objectifs cibl\u00e9s le sont sur la base des \u00e9l\u00e9ments rapport\u00e9s par la personne accueillie d&rsquo;une part, de mes connaissances et capacit\u00e9s d&rsquo;analyse d&rsquo;autre part. La personne et moi travaillons main dans la main en vue d&rsquo;une am\u00e9lioration clinique.&nbsp;&nbsp;<\/li><li>Progressive&nbsp;: les objectifs et le rythme de travail se font toujours dans le respect des capacit\u00e9s actuelles de la personne et de sa disponibilit\u00e9.<\/li><\/ul>\n\n\n\n<p>Je propose cette approche th\u00e9rapeutique aux adultes, aux enfants et aux adolescents. Pour ces derniers, la psycho\u00e9ducation et les strat\u00e9gies th\u00e9rapeutiques sont adapt\u00e9es \u00e0 leur niveau de compr\u00e9hension et ressources psychologiques. Les parents sont aussi souvent engag\u00e9s dans le travail collaboratif.<\/p>\n\n\n\n<p>Pour les demandes d&rsquo;accompagnement en rem\u00e9diation cognitive, j&rsquo;invite la personne \u00e0 prendre contact avec ma coll\u00e8gue Mme REUTLINGER.<\/p>\n\n\n\n<p><strong>&#8211; La d\u00e9marche d&rsquo;\u00e9valuation et d&rsquo;orientation&nbsp;:<\/strong><\/p>\n\n\n\n<p>Je r\u00e9alise des \u00e9valuations psychom\u00e9triques de type WPPSI, WISC V et WAIS IV.<\/p>\n\n\n\n<p>En revanche, pour toute demande d&rsquo;un bilan neuropsychologique complet, je r\u00e9oriente la personne vers mes coll\u00e8gues qui ont une vraie expertise en la mati\u00e8re.<\/p>\n\n\n\n<p>Je peux par ailleurs contribuer \u00e0 une \u00e9valuation \u00e0 vis\u00e9e diagnostique (troubles anxieux, d\u00e9pressifs, de la personnalit\u00e9, troubles neurod\u00e9veloppementaux) cela en collaboration avec les professionnels de secteurs&nbsp;: m\u00e9decins traitants, psychiatres, param\u00e9dicaux (orthophonistes, psychomotriciens, etc.), \u00e9quipes de psychiatrie.<\/p>\n\n\n\n<h3 class=\"has-text-align-center\">Honoraires&nbsp;<\/h3>\n\n\n\n<ul><li>1\u00e8re consultation et consultations de suivi\u00a0: 65 euros.<\/li><li>\u00c9valuation \u00e0 vis\u00e9e diagnostique\u00a0: d\u00e9pend de la demande, du nombre d&rsquo;entretiens n\u00e9cessaires et du travail de r\u00e9daction.<\/li><\/ul>\n\n\n\n<p><\/p>\n\n\n\n<p><\/p>\n\n\n\n<p><\/p>\n\n\n\n<p class=\"has-text-align-center\"><strong><span class=\"has-inline-color has-black-color\">Prise de RDV par mail :        gwennaig.lenouy@monpsy.pro <\/span><\/strong><\/p>\n","protected":false},"excerpt":{"rendered":"<p>IMPORTANT : Adresse du cabinet d\u00e8s f\u00e9vrier 2026 :R\u00e9sidence St Corentin &#8211; 75 rue de B\u00e9nodet &#8211; rez-de-chauss\u00e9e &#8211; 29000 &#8211; Quimper Psychologue clinicienne&nbsp;\u00e0 Quimper Je suis titulaire&nbsp;: d&rsquo;un Dipl\u00f4me d\u2019\u00c9tudes Approfondies en Psychologie (Master de recherche, 2004, Universit\u00e9 Lille 3) d&rsquo;un Dipl\u00f4me d\u2019Etudes Sup\u00e9rieures Sp\u00e9cialis\u00e9es en Psychologie du D\u00e9veloppement (Master professionnel, 2006, Universit\u00e9 Lille [&hellip;]<\/p>\n","protected":false},"author":1,"featured_media":0,"parent":0,"menu_order":0,"comment_status":"closed","ping_status":"closed","template":"","meta":[],"_links":{"self":[{"href":"https:\/\/psychopenhars.com\/index.php\/wp-json\/wp\/v2\/pages\/154"}],"collection":[{"href":"https:\/\/psychopenhars.com\/index.php\/wp-json\/wp\/v2\/pages"}],"about":[{"href":"https:\/\/psychopenhars.com\/index.php\/wp-json\/wp\/v2\/types\/page"}],"author":[{"embeddable":true,"href":"https:\/\/psychopenhars.com\/index.php\/wp-json\/wp\/v2\/users\/1"}],"replies":[{"embeddable":true,"href":"https:\/\/psychopenhars.com\/index.php\/wp-json\/wp\/v2\/comments?post=154"}],"version-history":[{"count":17,"href":"https:\/\/psychopenhars.com\/index.php\/wp-json\/wp\/v2\/pages\/154\/revisions"}],"predecessor-version":[{"id":343,"href":"https:\/\/psychopenhars.com\/index.php\/wp-json\/wp\/v2\/pages\/154\/revisions\/343"}],"wp:attachment":[{"href":"https:\/\/psychopenhars.com\/index.php\/wp-json\/wp\/v2\/media?parent=154"}],"curies":[{"name":"wp","href":"https:\/\/api.w.org\/{rel}","templated":true}]}}