{"id":26,"date":"2021-09-19T09:14:57","date_gmt":"2021-09-19T09:14:57","guid":{"rendered":"http:\/\/psychopenhars.com\/?page_id=26"},"modified":"2026-01-21T12:23:43","modified_gmt":"2026-01-21T12:23:43","slug":"alice-reutlinger","status":"publish","type":"page","link":"https:\/\/psychopenhars.com\/index.php\/alice-reutlinger\/","title":{"rendered":"Alice REUTLINGER, psychologue"},"content":{"rendered":"\n<p><\/p>\n\n\n\n<p><\/p>\n\n\n\n<p class=\"has-text-align-center has-black-color has-luminous-vivid-amber-background-color has-text-color has-background has-medium-font-size\"><strong>IMPORTANT<\/strong> : Adresse du cabinet d\u00e8s f\u00e9vrier 2026 :<br>R\u00e9sidence St Corentin &#8211; 75 rue de B\u00e9nodet &#8211; rez-de-chauss\u00e9e &#8211; 29000 &#8211; Quimper<\/p>\n\n\n\n<p><\/p>\n\n\n\n<div class=\"wp-block-image\"><figure class=\"aligncenter size-full\"><img loading=\"lazy\" width=\"204\" height=\"312\" src=\"http:\/\/psychopenhars.com\/wp-content\/uploads\/2021\/09\/alice.png\" alt=\"\" class=\"wp-image-27\" srcset=\"https:\/\/psychopenhars.com\/wp-content\/uploads\/2021\/09\/alice.png 204w, https:\/\/psychopenhars.com\/wp-content\/uploads\/2021\/09\/alice-196x300.png 196w\" sizes=\"(max-width: 204px) 100vw, 204px\" \/><\/figure><\/div>\n\n\n\n<p><\/p>\n\n\n\n<p class=\"has-black-color has-text-color\">Titulaire d\u2019un <strong>Master Psychologie <\/strong>(Universit\u00e9 Paris V Ren\u00e9 Descartes, dipl\u00f4m\u00e9e en 2006), je suis psychologue clinicienne initialement sp\u00e9cialis\u00e9e en neuropsychologie.<\/p>\n\n\n\n<p class=\"has-black-color has-text-color\"><\/p>\n\n\n\n<ul class=\"has-black-color has-text-color\"><li>Nombreuses formations continues (TEACCH, ABA, troubles du comportement, IMAGO &#8230;)<\/li><li>D.U. Ethique et Pratiques de la sant\u00e9 et des soins (Espace Ethique de l&rsquo;APHP et Universit\u00e9 Paris XI, 2009)<\/li><li>D.U. D\u00e9ficiences Intellectuelles (Universit\u00e9 Lyon Claude Bernard, 2020)<\/li><li><strong>Formation th\u00e9rapeute IMAGO<\/strong> <strong>(2023-2024)<\/strong><\/li><\/ul>\n\n\n\n<p><\/p>\n\n\n\n<p class=\"has-black-color has-text-color\">Depuis une vingtaine d&rsquo;ann\u00e9e, mon exp\u00e9rience professionnelle s&rsquo;est tiss\u00e9e au fil des rencontres, des \u00e9changes et des missions de travail (cliniques et recherche) dans diff\u00e9rents services hospitaliers (neurologie, maladies rares, p\u00e9dopsychiatrie) et m\u00e9dico-sociaux (IME, SESSAD).&nbsp;<\/p>\n\n\n\n<p><\/p>\n\n\n\n<p class=\"has-black-color has-text-color\">J&rsquo;ai \u00e9t\u00e9 psychologue volontaire (VSI) dans une association au Kenya, pendant un an (2009-2010).<\/p>\n\n\n\n<p><\/p>\n\n\n\n<p class=\"has-black-color has-text-color\">J&rsquo;exerce depuis 2015 en activit\u00e9 lib\u00e9rale \u00e0 Quimper. Depuis 2023, je partage un cabinet \u00e0 Creac\u2019h Gwen avec Gwenna\u00efg LE NOUY, psychologue.<\/p>\n\n\n\n<p><\/p>\n\n\n\n<p>J\u2019ai r\u00e9cemment suivi la formation \u00ab&nbsp;th\u00e9rapeutes IMAGO&nbsp;\u00bb, approche pour laquelle je suis en cours de certification.<\/p>\n\n\n\n<p class=\"has-black-color has-text-color\"><\/p>\n\n\n\n<h4><strong>Mon m\u00e9tier\u00a0<\/strong>\u00a0:<\/h4>\n\n\n\n<p class=\"has-black-color has-text-color\">Offrir un espace de disponibilit\u00e9, d&rsquo;\u00e9coute et de parole dans le respect du code de d\u00e9ontologie des psychologues,<\/p>\n\n\n\n<p class=\"has-black-color has-text-color\">Accompagner et soutenir les questions de parentalit\u00e9 et\/ou de relation de couple et\/ou de relation parent\/enfant<\/p>\n\n\n\n<p class=\"has-black-color has-text-color\">Accompagner des enfants et adolescents avec des difficult\u00e9s psychologiques, comportementales et ou cognitives (ex.&nbsp;: anxi\u00e9t\u00e9, d\u00e9pression, troubles neuro-d\u00e9veloppementaux)<\/p>\n\n\n\n<p class=\"has-black-color has-text-color\">Co-construire un projet d&rsquo;accompagnement avec les familles et \u00e9ventuellement avec d&rsquo;autres professionnels (enseignants, \u00e9ducateurs, orthophonistes, etc.),&nbsp;<\/p>\n\n\n\n<p class=\"has-black-color has-text-color\">Aider l&rsquo;expression et la compr\u00e9hension des ressentis, des \u00e9motions, des habilit\u00e9s sociales.<\/p>\n\n\n\n<p class=\"has-black-color has-text-color\">   Quelques informations au sujet des RDV que je propose avec l&rsquo;approche IMAGO. Tout d&rsquo;abord, si vous ne la connaissez pas encore, je vous invite \u00e0 prendre le temps de consulter le site&nbsp;<a href=\"http:\/\/www.imago-france.fr\/\">www.imago-france.fr<\/a>&nbsp;sur lequel vous trouverez de nombreuses informations sur cette m\u00e9thode th\u00e9rapeutique.&nbsp;<\/p>\n\n\n\n<p class=\"has-black-color has-text-color\">   J\u2019ai suivi en 2023-2024 la formation \u00ab&nbsp;th\u00e9rapeute IMAGO&nbsp;\u00bb avec beaucoup d\u2019int\u00e9r\u00eat et de joie, avec Elisabeth PONSIN (th\u00e9rapeute IMAGO et formatrice). Depuis Juin 2024, je suis en cours de certification (supervisions r\u00e9guli\u00e8res, assistanat de stage, rapports), et cela pendant environ 2 ans.<\/p>\n\n\n\n<p class=\"has-black-color has-text-color\">   Les consultations IMAGO que je propose s&rsquo;adressent soit \u00e0 un couple, soit \u00e0 une dyade parent-ado. Elles se d\u00e9roulent au cabinet de psychologues, au Centre Delta, \u00e0 Quimper. <\/p>\n\n\n\n<p class=\"has-black-color has-text-color\">Ces consultations IMAGO sont planifi\u00e9es pour une dur\u00e9e de 2h.&nbsp;<\/p>\n\n\n\n<p class=\"has-black-color has-text-color\">Le tarif est actuellement de 70 euros\/heure (=140 euros \/ 2h).<\/p>\n\n\n\n<p class=\"has-black-color has-text-color\">   A chaque couple et chaque dyade parent-ado, il est propos\u00e9 que la consultation soit film\u00e9e.&nbsp;Cette proposition s&rsquo;inscrit dans le cadre de ma certification, afin de pouvoir \u00eatre supervis\u00e9e et continuer de progresser. Cette proposition est libre. Si vous acceptez que la s\u00e9ance soit film\u00e9e, cela est encadr\u00e9 par votre autorisation sign\u00e9e, avec mon engagement sur l&rsquo;honneur \u00e0 n&rsquo;utiliser la vid\u00e9o que dans le cadre de ma supervision.<\/p>\n\n\n\n<p class=\"has-black-color has-text-color\">Je vous remercie pour votre confiance. Revenez-vers moi par contact-mail si vous souhaitez un RDV.&nbsp;<\/p>\n\n\n\n<p><\/p>\n\n\n\n<h3 class=\"has-text-align-center has-black-color has-text-color\">Honoraires<strong> <\/strong><\/h3>\n\n\n\n<h5 class=\"has-text-align-center has-black-color has-text-color\">(tarifs actualis\u00e9s en septembre 2025)<\/h5>\n\n\n\n<p class=\"has-text-align-center has-background\" style=\"background-color:#f8c998\"><\/p>\n\n\n\n<div class=\"wp-block-columns\">\n<div class=\"wp-block-column\" style=\"flex-basis:66.66%\">\n<p class=\"has-text-align-right has-black-color has-text-color\">Entretien clinique&nbsp;individuel (ponctuel ou suivi)<\/p>\n\n\n\n<p class=\"has-text-align-right has-black-color has-text-color\">Dialogue IMAGO de couple ou duo parent-ado (ponctuel ou suivi) <\/p>\n\n\n\n<p class=\"has-text-align-right has-black-color has-text-color\"><\/p>\n<\/div>\n\n\n\n<div class=\"wp-block-column\" style=\"flex-basis:33.33%\">\n<p class=\"has-text-align-center has-black-color has-text-color\">65 euros \/ heure <\/p>\n\n\n\n<p class=\"has-text-align-center has-black-color has-text-color\">70 euros \/ heure<\/p>\n\n\n\n<p class=\"has-text-align-center\"><\/p>\n\n\n\n<p><\/p>\n\n\n\n<p><\/p>\n<\/div>\n<\/div>\n\n\n\n<p class=\"has-text-align-center has-background\" style=\"background-color:#f8c998\"><\/p>\n\n\n\n<p><\/p>\n\n\n\n<p class=\"has-text-align-center has-luminous-vivid-orange-color has-text-color\"><\/p>\n\n\n\n<p class=\"has-text-align-center has-luminous-vivid-orange-color has-text-color\"><em>Pas de n\u00e9cessit\u00e9 de prescription m\u00e9dicale pour consulter un.e psychologue. <\/em><br><em>Remboursement possible par votre MUTUELLE: renseignez vous sur les modalit\u00e9s de votre contrat.<\/em><\/p>\n\n\n\n<p class=\"has-text-align-center has-luminous-vivid-orange-color has-text-color\">Alice REUTLINGER n&rsquo;adh\u00e8re pas au dispositif \u00ab\u00a0monsoutienpsy\u00a0\u00bb <em> (CPAM).<\/em><\/p>\n\n\n\n<p class=\"has-text-align-center has-luminous-vivid-orange-color has-text-color\"><br>Alice REUTLINGER est conventionn\u00e9e <br>avec la plateforme de coordination et d&rsquo;orientation (<strong>PCO-29<\/strong>) <br>et avec le dispositif de formation accompagn\u00e9e (<strong>DFA-29<\/strong>)<em> <\/em><\/p>\n\n\n\n<p><\/p>\n\n\n\n<p><\/p>\n\n\n\n<p class=\"has-text-align-center has-black-color has-text-color\"><em><strong>psychologue.reutlinger@protonmail.com<\/strong><\/em><\/p>\n","protected":false},"excerpt":{"rendered":"<p>IMPORTANT : Adresse du cabinet d\u00e8s f\u00e9vrier 2026 :R\u00e9sidence St Corentin &#8211; 75 rue de B\u00e9nodet &#8211; rez-de-chauss\u00e9e &#8211; 29000 &#8211; Quimper Titulaire d\u2019un Master Psychologie (Universit\u00e9 Paris V Ren\u00e9 Descartes, dipl\u00f4m\u00e9e en 2006), je suis psychologue clinicienne initialement sp\u00e9cialis\u00e9e en neuropsychologie. Nombreuses formations continues (TEACCH, ABA, troubles du comportement, IMAGO &#8230;) D.U. Ethique et [&hellip;]<\/p>\n","protected":false},"author":1,"featured_media":0,"parent":0,"menu_order":0,"comment_status":"closed","ping_status":"closed","template":"","meta":[],"_links":{"self":[{"href":"https:\/\/psychopenhars.com\/index.php\/wp-json\/wp\/v2\/pages\/26"}],"collection":[{"href":"https:\/\/psychopenhars.com\/index.php\/wp-json\/wp\/v2\/pages"}],"about":[{"href":"https:\/\/psychopenhars.com\/index.php\/wp-json\/wp\/v2\/types\/page"}],"author":[{"embeddable":true,"href":"https:\/\/psychopenhars.com\/index.php\/wp-json\/wp\/v2\/users\/1"}],"replies":[{"embeddable":true,"href":"https:\/\/psychopenhars.com\/index.php\/wp-json\/wp\/v2\/comments?post=26"}],"version-history":[{"count":44,"href":"https:\/\/psychopenhars.com\/index.php\/wp-json\/wp\/v2\/pages\/26\/revisions"}],"predecessor-version":[{"id":340,"href":"https:\/\/psychopenhars.com\/index.php\/wp-json\/wp\/v2\/pages\/26\/revisions\/340"}],"wp:attachment":[{"href":"https:\/\/psychopenhars.com\/index.php\/wp-json\/wp\/v2\/media?parent=26"}],"curies":[{"name":"wp","href":"https:\/\/api.w.org\/{rel}","templated":true}]}}